{"id":90081,"date":"2021-03-30T14:31:19","date_gmt":"2021-03-30T14:31:19","guid":{"rendered":"https:\/\/undsgn.com\/uncode\/?page_id=90081"},"modified":"2023-03-03T13:58:53","modified_gmt":"2023-03-03T13:58:53","slug":"a-los-pinos-el-viento","status":"publish","type":"page","link":"https:\/\/alospinoselviento.com\/en\/","title":{"rendered":"Start"},"content":{"rendered":"<div class=\"wpb-content-wrapper\"><p>[vc_row row_height_percent=\u00bb80&#8243; back_color=\u00bbcolor-xsdn\u00bb overlay_alpha=\u00bb50&#8243; gutter_size=\u00bb3&#8243; column_width_percent=\u00bb100&#8243; shift_y=\u00bb0&#8243; z_index=\u00bb0&#8243; uncode_shortcode_id=\u00bb984210&#8243; back_color_type=\u00bbuncode-palette\u00bb][vc_column column_width_percent=\u00bb100&#8243; position_vertical=\u00bbmiddle\u00bb gutter_size=\u00bb2&#8243; overlay_alpha=\u00bb50&#8243; shift_x=\u00bb0&#8243; shift_y=\u00bb0&#8243; shift_y_down=\u00bb0&#8243; z_index=\u00bb0&#8243; medium_width=\u00bb0&#8243; mobile_width=\u00bb0&#8243; width=\u00bb1\/1&#8243; uncode_shortcode_id=\u00bb188231&#8243;][vc_row_inner][vc_column_inner column_width_percent=\u00bb100&#8243; position_horizontal=\u00bbright\u00bb gutter_size=\u00bb3&#8243; overlay_alpha=\u00bb50&#8243; shift_x=\u00bb0&#8243; shift_y=\u00bb0&#8243; shift_y_down=\u00bb0&#8243; z_index=\u00bb0&#8243; medium_width=\u00bb0&#8243; mobile_width=\u00bb0&#8243; width=\u00bb1\/2&#8243; uncode_shortcode_id=\u00bb875225&#8243;][vc_gallery el_id=\u00bbgallery-167323&#8243; type=\u00bbcarousel\u00bb medias=\u00bb118162,118174,118173,118209,118171,118167,118163,118165,118166,118168,118170,118175,118164,118169&#8243; carousel_lg=\u00bb1&#8243; carousel_md=\u00bb1&#8243; carousel_sm=\u00bb1&#8243; gutter_size=\u00bb3&#8243; carousel_type=\u00bbfade\u00bb carousel_interval=\u00bb3000&#8243; carousel_navspeed=\u00bb1000&#8243; carousel_loop=\u00bbyes\u00bb stage_padding=\u00bb0&#8243; single_overlay_color=\u00bbcolor-lxmt\u00bb single_overlay_opacity=\u00bb50&#8243; single_padding=\u00bb2&#8243; single_border=\u00bbyes\u00bb lbox_skin=\u00bbwhite\u00bb lbox_transparency=\u00bbopaque\u00bb lbox_no_tmb=\u00bbyes\u00bb lbox_transition=\u00bblg-fade\u00bb uncode_shortcode_id=\u00bb156522&#8243;][vc_single_image media=\u00bb118119&#8243; media_width_percent=\u00bb100&#8243; lbox_skin=\u00bbwhite\u00bb lbox_transparency=\u00bbopaque\u00bb lbox_connected=\u00bbyes\u00bb uncode_shortcode_id=\u00bb177001&#8243; media_link=\u00bburl:%23libro_img\u00bb][\/vc_column_inner][vc_column_inner column_width_percent=\u00bb100&#8243; gutter_size=\u00bb3&#8243; overlay_alpha=\u00bb50&#8243; shift_x=\u00bb0&#8243; shift_y=\u00bb0&#8243; shift_y_down=\u00bb0&#8243; z_index=\u00bb0&#8243; medium_width=\u00bb0&#8243; mobile_width=\u00bb0&#8243; width=\u00bb1\/2&#8243; uncode_shortcode_id=\u00bb131868&#8243;][vc_single_image media=\u00bb118189&#8243; media_width_percent=\u00bb100&#8243; lbox_skin=\u00bbwhite\u00bb lbox_connected=\u00bbyes\u00bb uncode_shortcode_id=\u00bb183486&#8243;][vc_single_image media=\u00bb118176&#8243; media_lightbox=\u00bbyes\u00bb media_width_percent=\u00bb100&#8243; lbox_skin=\u00bbwhite\u00bb lbox_transparency=\u00bbopaque\u00bb lbox_connected=\u00bbyes\u00bb uncode_shortcode_id=\u00bb177420&#8243;][\/vc_column_inner][\/vc_row_inner][\/vc_column][\/vc_row][vc_row row_height_percent=\u00bb0&#8243; override_padding=\u00bbyes\u00bb h_padding=\u00bb2&#8243; top_padding=\u00bb3&#8243; bottom_padding=\u00bb3&#8243; back_color=\u00bbcolor-xsdn\u00bb overlay_alpha=\u00bb50&#8243; gutter_size=\u00bb3&#8243; column_width_percent=\u00bb100&#8243; shift_y=\u00bb0&#8243; z_index=\u00bb1&#8243; uncode_shortcode_id=\u00bb109456&#8243; back_color_type=\u00bbuncode-palette\u00bb row_name=\u00bbintro\u00bb][vc_column column_width_use_pixel=\u00bbyes\u00bb gutter_size=\u00bb2&#8243; overlay_alpha=\u00bb50&#8243; shift_x=\u00bb0&#8243; shift_y=\u00bb0&#8243; shift_y_down=\u00bb0&#8243; z_index=\u00bb0&#8243; medium_width=\u00bb0&#8243; mobile_width=\u00bb0&#8243; css_animation=\u00bbright-t-left\u00bb animation_speed=\u00bb1000&#8243; width=\u00bb1\/1&#8243; uncode_shortcode_id=\u00bb108044&#8243;][vc_row_inner row_inner_height_percent=\u00bb0&#8243; overlay_alpha=\u00bb50&#8243; gutter_size=\u00bb4&#8243; shift_y=\u00bb0&#8243; z_index=\u00bb0&#8243; limit_content=\u00bb\u00bb uncode_shortcode_id=\u00bb302904&#8243;][vc_column_inner column_width_percent=\u00bb100&#8243; position_vertical=\u00bbmiddle\u00bb gutter_size=\u00bb3&#8243; overlay_alpha=\u00bb50&#8243; shift_x=\u00bb0&#8243; shift_y=\u00bb0&#8243; shift_y_down=\u00bb0&#8243; z_index=\u00bb0&#8243; medium_width=\u00bb4&#8243; mobile_width=\u00bb0&#8243; width=\u00bb9\/12&#8243; uncode_shortcode_id=\u00bb166783&#8243;][vc_custom_heading text_font=\u00bbfont-159086&#8243; text_size=\u00bb\u00bb text_weight=\u00bb300&#8243; uncode_shortcode_id=\u00bb980144&#8243;]About this book[\/vc_custom_heading][\/vc_column_inner][vc_column_inner column_width_percent=\u00bb100&#8243; position_vertical=\u00bbmiddle\u00bb align_horizontal=\u00bbalign_right\u00bb gutter_size=\u00bb3&#8243; overlay_alpha=\u00bb50&#8243; shift_x=\u00bb0&#8243; shift_y=\u00bb0&#8243; shift_y_down=\u00bb0&#8243; z_index=\u00bb0&#8243; medium_width=\u00bb4&#8243; mobile_visibility=\u00bbyes\u00bb mobile_width=\u00bb0&#8243; width=\u00bb3\/12&#8243; uncode_shortcode_id=\u00bb231781&#8243;][\/vc_column_inner][\/vc_row_inner][vc_row_inner][vc_column_inner column_width_percent=\u00bb100&#8243; gutter_size=\u00bb3&#8243; override_padding=\u00bbyes\u00bb column_padding=\u00bb3&#8243; font_family=\u00bbfont-159086&#8243; overlay_alpha=\u00bb50&#8243; shift_x=\u00bb0&#8243; shift_y=\u00bb0&#8243; shift_y_down=\u00bb0&#8243; z_index=\u00bb0&#8243; medium_width=\u00bb0&#8243; mobile_width=\u00bb0&#8243; width=\u00bb1\/2&#8243; uncode_shortcode_id=\u00bb149192&#8243;][vc_custom_heading heading_semantic=\u00bbh4&#8243; text_font=\u00bbfont-159086&#8243; text_size=\u00bbh4&#8243; text_weight=\u00bb300&#8243; uncode_shortcode_id=\u00bb131055&#8243;]The Wind among the Leaves[\/vc_custom_heading][vc_column_text uncode_shortcode_id=\u00bb966182&#8243;]<em>The Wind among the Leaves<\/em> is a portrait of one of the most outstanding collections of bonsais in Europe, that of Luis Vallejo, and of the collector himself through his collection. Far from taking a botanical approach to the specimens, the book presents these trees from a poetic perspective and by looking back to the age when they were designed and created. It does so first through images: a corpus of photographs taken by Fernando Maquieira over the course of several years of dialogue with the collection, and the sober musicality of Carmen Ballv\u00e9\u2019s introduction in pictures \u2013 two languages to describe the same universe. And through words, also in two idioms: Following a presentation by Felipe Gonz\u00e1lez comes a series of short texts or quotations interspersed with the trees to represent their creator\u2019s gaze, either evoking an experience or invoking a literary association; and Jos\u00e9 Mar\u00eda Parre\u00f1o\u2019s narration, which takes readers on a journey to the world of bonsais through various pieces of information or written testimonies, both historical and imaginary, pieced together by chance guided by meaning. Finally, the volume is enhanced through the sketchbooks, which represent the simplest and most direct form of expression of the author\u2019s link with his trees.[\/vc_column_text][\/vc_column_inner][vc_column_inner column_width_percent=\u00bb100&#8243; position_vertical=\u00bbmiddle\u00bb align_horizontal=\u00bbalign_center\u00bb gutter_size=\u00bb3&#8243; override_padding=\u00bbyes\u00bb column_padding=\u00bb3&#8243; expand_height=\u00bbyes\u00bb font_family=\u00bbfont-159086&#8243; back_image=\u00bb117769&#8243; overlay_alpha=\u00bb50&#8243; shift_x=\u00bb0&#8243; shift_y=\u00bb0&#8243; shift_y_down=\u00bb0&#8243; z_index=\u00bb0&#8243; medium_width=\u00bb0&#8243; mobile_width=\u00bb0&#8243; width=\u00bb1\/2&#8243; uncode_shortcode_id=\u00bb319578&#8243;][vc_icon position=\u00bbbottom\u00bb display=\u00bbabsolute-center\u00bb icon=\u00bbfa fa-play\u00bb icon_color=\u00bbcolor-jevc\u00bb background_style=\u00bbfa-rounded\u00bb size=\u00bbfa-2x\u00bb icon_automatic=\u00bbyes\u00bb css_animation=\u00bbzoom-in\u00bb uncode_shortcode_id=\u00bb139580&#8243; icon_color_type=\u00bbuncode-palette\u00bb media_lightbox=\u00bb118215&#8243;][\/vc_icon][\/vc_column_inner][\/vc_row_inner][\/vc_column][\/vc_row][vc_row row_height_percent=\u00bb0&#8243; override_padding=\u00bbyes\u00bb h_padding=\u00bb2&#8243; top_padding=\u00bb2&#8243; bottom_padding=\u00bb3&#8243; back_color=\u00bbcolor-xsdn\u00bb overlay_alpha=\u00bb50&#8243; gutter_size=\u00bb3&#8243; column_width_percent=\u00bb100&#8243; shift_y=\u00bb0&#8243; z_index=\u00bb1&#8243; uncode_shortcode_id=\u00bb983039&#8243; back_color_type=\u00bbuncode-palette\u00bb row_name=\u00bblibro_img\u00bb][vc_column column_width_use_pixel=\u00bbyes\u00bb gutter_size=\u00bb4&#8243; override_padding=\u00bbyes\u00bb column_padding=\u00bb2&#8243; overlay_alpha=\u00bb50&#8243; shift_x=\u00bb0&#8243; shift_y=\u00bb0&#8243; shift_y_down=\u00bb0&#8243; z_index=\u00bb0&#8243; medium_width=\u00bb0&#8243; mobile_width=\u00bb0&#8243; css_animation=\u00bbright-t-left\u00bb animation_speed=\u00bb1000&#8243; width=\u00bb1\/1&#8243; uncode_shortcode_id=\u00bb149986&#8243;][vc_row_inner][vc_column_inner width=\u00bb1\/3&#8243;][vc_single_image media=\u00bb118187&#8243; media_lightbox=\u00bbyes\u00bb media_width_percent=\u00bb100&#8243; lbox_skin=\u00bbwhite\u00bb lbox_transparency=\u00bbopaque\u00bb uncode_shortcode_id=\u00bb121651&#8243;][\/vc_column_inner][vc_column_inner width=\u00bb1\/3&#8243;][vc_single_image media=\u00bb118122&#8243; media_lightbox=\u00bbyes\u00bb media_width_percent=\u00bb100&#8243; lbox_skin=\u00bbwhite\u00bb lbox_transparency=\u00bbopaque\u00bb uncode_shortcode_id=\u00bb400163&#8243;][\/vc_column_inner][vc_column_inner width=\u00bb1\/3&#8243;][vc_gallery el_id=\u00bbgallery-139384&#8243; type=\u00bbcarousel\u00bb medias=\u00bb118125,118119,118027,118020,118114,118028,118115,118032,118023,118030,118031,118026,118021&#8243; carousel_lg=\u00bb1&#8243; carousel_md=\u00bb1&#8243; carousel_sm=\u00bb1&#8243; gutter_size=\u00bb3&#8243; carousel_type=\u00bbfade\u00bb carousel_interval=\u00bb3000&#8243; carousel_navspeed=\u00bb1000&#8243; carousel_loop=\u00bbyes\u00bb stage_padding=\u00bb0&#8243; single_overlay_color=\u00bbcolor-lxmt\u00bb single_overlay_opacity=\u00bb50&#8243; single_padding=\u00bb2&#8243; lbox_skin=\u00bbwhite\u00bb lbox_transparency=\u00bbopaque\u00bb lbox_transition=\u00bblg-fade\u00bb uncode_shortcode_id=\u00bb147731&#8243;][\/vc_column_inner][\/vc_row_inner][vc_empty_space empty_h=\u00bb3&#8243;][vc_column_text uncode_shortcode_id=\u00bb587765&#8243;]Special edition of 150 copies, 70 in Spanish and 80 in English, numbered and signed by the author.<\/p>\n<p>The special edition includes a photographic work by Carmen Ballv\u00e9 or Fernando Maquieira, being able to choose between both (there are 75 prints by Carmen Ballv\u00e9 and 75 photographs by Fernando Maquieira).[\/vc_column_text][vc_row_inner][vc_column_inner column_width_percent=\u00bb100&#8243; gutter_size=\u00bb3&#8243; overlay_alpha=\u00bb50&#8243; shift_x=\u00bb0&#8243; shift_y=\u00bb0&#8243; shift_y_down=\u00bb0&#8243; z_index=\u00bb0&#8243; medium_width=\u00bb0&#8243; mobile_width=\u00bb0&#8243; width=\u00bb1\/4&#8243; uncode_shortcode_id=\u00bb194201&#8243;][vc_single_image media=\u00bb118182&#8243; media_lightbox=\u00bbyes\u00bb media_width_percent=\u00bb100&#8243; lbox_skin=\u00bbwhite\u00bb lbox_transparency=\u00bbopaque\u00bb uncode_shortcode_id=\u00bb837871&#8243;][\/vc_column_inner][vc_column_inner column_width_percent=\u00bb100&#8243; position_vertical=\u00bbmiddle\u00bb gutter_size=\u00bb3&#8243; overlay_alpha=\u00bb50&#8243; shift_x=\u00bb0&#8243; shift_y=\u00bb0&#8243; shift_y_down=\u00bb0&#8243; z_index=\u00bb0&#8243; medium_width=\u00bb0&#8243; mobile_width=\u00bb0&#8243; width=\u00bb1\/4&#8243; uncode_shortcode_id=\u00bb162581&#8243;][vc_column_text uncode_shortcode_id=\u00bb917413&#8243;]Photogravure<br \/>\nCarmen Ballv\u00e9<br \/>\n<i>Untitled<\/i>, 2022<\/p>\n<p><a href=\"https:\/\/alospinoselviento.com\/en\/carmen-ballve\/\"><em>More info<\/em><\/a>[\/vc_column_text][\/vc_column_inner][vc_column_inner width=\u00bb1\/4&#8243;][vc_single_image media=\u00bb118184&#8243; media_lightbox=\u00bbyes\u00bb media_width_percent=\u00bb100&#8243; lbox_skin=\u00bbwhite\u00bb lbox_transparency=\u00bbopaque\u00bb uncode_shortcode_id=\u00bb198067&#8243;][\/vc_column_inner][vc_column_inner column_width_percent=\u00bb100&#8243; position_vertical=\u00bbmiddle\u00bb gutter_size=\u00bb3&#8243; overlay_alpha=\u00bb50&#8243; shift_x=\u00bb0&#8243; shift_y=\u00bb0&#8243; shift_y_down=\u00bb0&#8243; z_index=\u00bb0&#8243; medium_width=\u00bb0&#8243; mobile_width=\u00bb0&#8243; width=\u00bb1\/4&#8243; uncode_shortcode_id=\u00bb926792&#8243;][vc_column_text uncode_shortcode_id=\u00bb186305&#8243;]Photography<br \/>\nFernando Maquieira<br \/>\n<i>Acer palmatum \u00ab<\/i>\u200a<i>yamamomiji<\/i>\u200a<i>\u00bb<\/i>, 2022<\/p>\n<p><a href=\"https:\/\/alospinoselviento.com\/en\/fernando-maquieira\/\"><em>More info<\/em><\/a>[\/vc_column_text][\/vc_column_inner][\/vc_row_inner][\/vc_column][\/vc_row][vc_row row_height_percent=\u00bb0&#8243; override_padding=\u00bbyes\u00bb h_padding=\u00bb2&#8243; top_padding=\u00bb3&#8243; bottom_padding=\u00bb3&#8243; back_color=\u00bbcolor-lxmt\u00bb overlay_alpha=\u00bb50&#8243; gutter_size=\u00bb3&#8243; column_width_percent=\u00bb100&#8243; shift_y=\u00bb0&#8243; z_index=\u00bb1&#8243; uncode_shortcode_id=\u00bb188047&#8243; back_color_type=\u00bbuncode-palette\u00bb row_name=\u00bbautor\u00bb][vc_column column_width_use_pixel=\u00bbyes\u00bb gutter_size=\u00bb2&#8243; overlay_alpha=\u00bb50&#8243; shift_x=\u00bb0&#8243; shift_y=\u00bb0&#8243; shift_y_down=\u00bb0&#8243; z_index=\u00bb0&#8243; medium_width=\u00bb0&#8243; mobile_width=\u00bb0&#8243; css_animation=\u00bbright-t-left\u00bb animation_speed=\u00bb1000&#8243; width=\u00bb1\/1&#8243; uncode_shortcode_id=\u00bb108044&#8243;][vc_row_inner row_inner_height_percent=\u00bb0&#8243; overlay_alpha=\u00bb50&#8243; gutter_size=\u00bb4&#8243; shift_y=\u00bb0&#8243; z_index=\u00bb0&#8243; limit_content=\u00bb\u00bb uncode_shortcode_id=\u00bb302904&#8243;][vc_column_inner column_width_percent=\u00bb100&#8243; position_vertical=\u00bbmiddle\u00bb gutter_size=\u00bb3&#8243; overlay_alpha=\u00bb50&#8243; shift_x=\u00bb0&#8243; shift_y=\u00bb0&#8243; shift_y_down=\u00bb0&#8243; z_index=\u00bb0&#8243; medium_width=\u00bb4&#8243; mobile_width=\u00bb0&#8243; width=\u00bb9\/12&#8243; uncode_shortcode_id=\u00bb166783&#8243;][vc_custom_heading text_font=\u00bbfont-159086&#8243; text_size=\u00bb\u00bb text_weight=\u00bb300&#8243; uncode_shortcode_id=\u00bb159640&#8243;]About the author[\/vc_custom_heading][\/vc_column_inner][vc_column_inner column_width_percent=\u00bb100&#8243; position_vertical=\u00bbmiddle\u00bb align_horizontal=\u00bbalign_right\u00bb gutter_size=\u00bb3&#8243; overlay_alpha=\u00bb50&#8243; shift_x=\u00bb0&#8243; shift_y=\u00bb0&#8243; shift_y_down=\u00bb0&#8243; z_index=\u00bb0&#8243; medium_width=\u00bb4&#8243; mobile_visibility=\u00bbyes\u00bb mobile_width=\u00bb0&#8243; width=\u00bb3\/12&#8243; uncode_shortcode_id=\u00bb231781&#8243;][\/vc_column_inner][\/vc_row_inner][vc_row_inner][vc_column_inner column_width_percent=\u00bb100&#8243; gutter_size=\u00bb3&#8243; override_padding=\u00bbyes\u00bb column_padding=\u00bb3&#8243; font_family=\u00bbfont-159086&#8243; overlay_alpha=\u00bb50&#8243; shift_x=\u00bb0&#8243; shift_y=\u00bb0&#8243; shift_y_down=\u00bb0&#8243; z_index=\u00bb0&#8243; medium_width=\u00bb0&#8243; mobile_width=\u00bb0&#8243; width=\u00bb1\/2&#8243; uncode_shortcode_id=\u00bb149192&#8243;][vc_custom_heading heading_semantic=\u00bbh4&#8243; text_font=\u00bbfont-159086&#8243; text_size=\u00bbh4&#8243; text_weight=\u00bb300&#8243; uncode_shortcode_id=\u00bb208276&#8243;]Luis Vallejo[\/vc_custom_heading][vc_column_text uncode_shortcode_id=\u00bb165886&#8243;]As well as an author and the owner of this collection of bonsais, Luis Vallejo is a landscape gardener with a long track record. Prominent among his national and international projects are the gardens of the Hotel Royal Mansour in Marrakech and the Hospital Universitario R\u00edo Hortega in Valladolid, and those of Banco Santander\u2019s Ciudad Financiera and the Castellana 81 tower, the last two in Madrid, as well as other private gardens and estates in Spain, Italy, Israel, Morocco and the Middle East. He is also the curator and director of the Museo del Bons\u00e1i in Alcobendas, which houses his collection, and formerly created and curated the bonsai collection of the Real Jard\u00edn Bot\u00e1nico in Madrid. In 2008 he received the Order of the Rising Sun conferred by the emperor of Japan, the highest distinction the country\u2019s government awards to foreign citizens for their dissemination and promotion of Japanese culture in other countries.[\/vc_column_text][\/vc_column_inner][vc_column_inner column_width_percent=\u00bb100&#8243; position_vertical=\u00bbmiddle\u00bb align_horizontal=\u00bbalign_center\u00bb gutter_size=\u00bb3&#8243; override_padding=\u00bbyes\u00bb column_padding=\u00bb2&#8243; font_family=\u00bbfont-159086&#8243; overlay_alpha=\u00bb50&#8243; shift_x=\u00bb0&#8243; shift_y=\u00bb0&#8243; shift_y_down=\u00bb0&#8243; z_index=\u00bb0&#8243; medium_width=\u00bb0&#8243; mobile_width=\u00bb0&#8243; width=\u00bb1\/2&#8243; uncode_shortcode_id=\u00bb263397&#8243;][vc_single_image media=\u00bb118093&#8243; media_lightbox=\u00bbyes\u00bb media_width_percent=\u00bb100&#8243; lbox_skin=\u00bbwhite\u00bb lbox_transparency=\u00bbopaque\u00bb uncode_shortcode_id=\u00bb125861&#8243;][\/vc_column_inner][\/vc_row_inner][\/vc_column][\/vc_row]<\/p>\n<\/div>","protected":false},"excerpt":{"rendered":"<p>[vc_row row_height_percent=\u00bb80&#8243; back_color=\u00bbcolor-xsdn\u00bb overlay_alpha=\u00bb50&#8243; gutter_size=\u00bb3&#8243; column_width_percent=\u00bb100&#8243; shift_y=\u00bb0&#8243; z_index=\u00bb0&#8243; uncode_shortcode_id=\u00bb984210&#8243; back_color_type=\u00bbuncode-palette\u00bb][vc_column column_width_percent=\u00bb100&#8243; position_vertical=\u00bbmiddle\u00bb gutter_size=\u00bb2&#8243; overlay_alpha=\u00bb50&#8243; shift_x=\u00bb0&#8243; shift_y=\u00bb0&#8243; shift_y_down=\u00bb0&#8243; z_index=\u00bb0&#8243; medium_width=\u00bb0&#8243; mobile_width=\u00bb0&#8243; [&hellip;]<\/p>\n","protected":false},"author":1,"featured_media":0,"parent":0,"menu_order":0,"comment_status":"closed","ping_status":"closed","template":"","meta":{"footnotes":""},"class_list":["post-90081","page","type-page","status-publish","hentry"],"yoast_head":"<!-- This site is optimized with the Yoast SEO plugin v27.2 - https:\/\/yoast.com\/product\/yoast-seo-wordpress\/ -->\n<title>The Wind among the Leaves - Start<\/title>\n<meta name=\"description\" content=\"The Wind among the Leaves is a portrait of one of the most outstanding collections of bonsais in Europe, that of Luis Vallejo, and of the collector himself through his collection.\" \/>\n<meta name=\"robots\" content=\"index, follow, max-snippet:-1, max-image-preview:large, max-video-preview:-1\" \/>\n<link rel=\"canonical\" href=\"https:\/\/alospinoselviento.com\/en\/\" \/>\n<meta property=\"og:locale\" content=\"es_ES\" \/>\n<meta property=\"og:type\" content=\"article\" \/>\n<meta property=\"og:title\" content=\"The Wind among the Leaves - Start\" \/>\n<meta property=\"og:description\" content=\"The Wind among the Leaves is a portrait of one of the most outstanding collections of bonsais in Europe, that of Luis Vallejo, and of the collector himself through his collection.\" \/>\n<meta property=\"og:url\" content=\"https:\/\/alospinoselviento.com\/en\/\" \/>\n<meta property=\"og:site_name\" content=\"The Wind among the Leaves\" \/>\n<meta property=\"article:modified_time\" content=\"2023-03-03T13:58:53+00:00\" \/>\n<meta name=\"twitter:card\" content=\"summary_large_image\" \/>\n<meta name=\"twitter:label1\" content=\"Tiempo de lectura\" \/>\n\t<meta name=\"twitter:data1\" content=\"4 minutos\" \/>\n<script type=\"application\/ld+json\" class=\"yoast-schema-graph\">{\"@context\":\"https:\/\/schema.org\",\"@graph\":[{\"@type\":\"WebPage\",\"@id\":\"https:\/\/alospinoselviento.com\/en\/\",\"url\":\"https:\/\/alospinoselviento.com\/en\/\",\"name\":\"The Wind among the Leaves - Start\",\"isPartOf\":{\"@id\":\"https:\/\/alospinoselviento.com\/en\/#website\"},\"datePublished\":\"2021-03-30T14:31:19+00:00\",\"dateModified\":\"2023-03-03T13:58:53+00:00\",\"description\":\"The Wind among the Leaves is a portrait of one of the most outstanding collections of bonsais in Europe, that of Luis Vallejo, and of the collector himself through his collection.\",\"breadcrumb\":{\"@id\":\"https:\/\/alospinoselviento.com\/en\/#breadcrumb\"},\"inLanguage\":\"es\",\"potentialAction\":[{\"@type\":\"ReadAction\",\"target\":[\"https:\/\/alospinoselviento.com\/en\/\"]}]},{\"@type\":\"BreadcrumbList\",\"@id\":\"https:\/\/alospinoselviento.com\/en\/#breadcrumb\",\"itemListElement\":[{\"@type\":\"ListItem\",\"position\":1,\"name\":\"Portada\",\"item\":\"https:\/\/alospinoselviento.com\/en\/\"},{\"@type\":\"ListItem\",\"position\":2,\"name\":\"Start\"}]},{\"@type\":\"WebSite\",\"@id\":\"https:\/\/alospinoselviento.com\/en\/#website\",\"url\":\"https:\/\/alospinoselviento.com\/en\/\",\"name\":\"The Wind among the Leaves\",\"description\":\"Luis Vallejo\",\"potentialAction\":[{\"@type\":\"SearchAction\",\"target\":{\"@type\":\"EntryPoint\",\"urlTemplate\":\"https:\/\/alospinoselviento.com\/en\/?s={search_term_string}\"},\"query-input\":{\"@type\":\"PropertyValueSpecification\",\"valueRequired\":true,\"valueName\":\"search_term_string\"}}],\"inLanguage\":\"es\"}]}<\/script>\n<!-- \/ Yoast SEO plugin. -->","yoast_head_json":{"title":"The Wind among the Leaves - Start","description":"The Wind among the Leaves is a portrait of one of the most outstanding collections of bonsais in Europe, that of Luis Vallejo, and of the collector himself through his collection.","robots":{"index":"index","follow":"follow","max-snippet":"max-snippet:-1","max-image-preview":"max-image-preview:large","max-video-preview":"max-video-preview:-1"},"canonical":"https:\/\/alospinoselviento.com\/en\/","og_locale":"es_ES","og_type":"article","og_title":"The Wind among the Leaves - Start","og_description":"The Wind among the Leaves is a portrait of one of the most outstanding collections of bonsais in Europe, that of Luis Vallejo, and of the collector himself through his collection.","og_url":"https:\/\/alospinoselviento.com\/en\/","og_site_name":"The Wind among the Leaves","article_modified_time":"2023-03-03T13:58:53+00:00","twitter_card":"summary_large_image","twitter_misc":{"Tiempo de lectura":"4 minutos"},"schema":{"@context":"https:\/\/schema.org","@graph":[{"@type":"WebPage","@id":"https:\/\/alospinoselviento.com\/en\/","url":"https:\/\/alospinoselviento.com\/en\/","name":"The Wind among the Leaves - Start","isPartOf":{"@id":"https:\/\/alospinoselviento.com\/en\/#website"},"datePublished":"2021-03-30T14:31:19+00:00","dateModified":"2023-03-03T13:58:53+00:00","description":"The Wind among the Leaves is a portrait of one of the most outstanding collections of bonsais in Europe, that of Luis Vallejo, and of the collector himself through his collection.","breadcrumb":{"@id":"https:\/\/alospinoselviento.com\/en\/#breadcrumb"},"inLanguage":"es","potentialAction":[{"@type":"ReadAction","target":["https:\/\/alospinoselviento.com\/en\/"]}]},{"@type":"BreadcrumbList","@id":"https:\/\/alospinoselviento.com\/en\/#breadcrumb","itemListElement":[{"@type":"ListItem","position":1,"name":"Portada","item":"https:\/\/alospinoselviento.com\/en\/"},{"@type":"ListItem","position":2,"name":"Start"}]},{"@type":"WebSite","@id":"https:\/\/alospinoselviento.com\/en\/#website","url":"https:\/\/alospinoselviento.com\/en\/","name":"The Wind among the Leaves","description":"Luis Vallejo","potentialAction":[{"@type":"SearchAction","target":{"@type":"EntryPoint","urlTemplate":"https:\/\/alospinoselviento.com\/en\/?s={search_term_string}"},"query-input":{"@type":"PropertyValueSpecification","valueRequired":true,"valueName":"search_term_string"}}],"inLanguage":"es"}]}},"_links":{"self":[{"href":"https:\/\/alospinoselviento.com\/en\/wp-json\/wp\/v2\/pages\/90081","targetHints":{"allow":["GET"]}}],"collection":[{"href":"https:\/\/alospinoselviento.com\/en\/wp-json\/wp\/v2\/pages"}],"about":[{"href":"https:\/\/alospinoselviento.com\/en\/wp-json\/wp\/v2\/types\/page"}],"author":[{"embeddable":true,"href":"https:\/\/alospinoselviento.com\/en\/wp-json\/wp\/v2\/users\/1"}],"replies":[{"embeddable":true,"href":"https:\/\/alospinoselviento.com\/en\/wp-json\/wp\/v2\/comments?post=90081"}],"version-history":[{"count":210,"href":"https:\/\/alospinoselviento.com\/en\/wp-json\/wp\/v2\/pages\/90081\/revisions"}],"predecessor-version":[{"id":118216,"href":"https:\/\/alospinoselviento.com\/en\/wp-json\/wp\/v2\/pages\/90081\/revisions\/118216"}],"wp:attachment":[{"href":"https:\/\/alospinoselviento.com\/en\/wp-json\/wp\/v2\/media?parent=90081"}],"curies":[{"name":"wp","href":"https:\/\/api.w.org\/{rel}","templated":true}]}}