{"id":117891,"date":"2023-02-16T16:46:05","date_gmt":"2023-02-16T16:46:05","guid":{"rendered":"https:\/\/alospinoselviento.com\/?page_id=117891"},"modified":"2023-03-01T17:18:11","modified_gmt":"2023-03-01T17:18:11","slug":"caracteristicas","status":"publish","type":"page","link":"https:\/\/alospinoselviento.com\/en\/caracteristicas\/","title":{"rendered":"Book features"},"content":{"rendered":"<div class=\"wpb-content-wrapper\"><p>[vc_row row_height_percent=\u00bb0&#8243; override_padding=\u00bbyes\u00bb h_padding=\u00bb2&#8243; top_padding=\u00bb4&#8243; bottom_padding=\u00bb4&#8243; back_color=\u00bbcolor-xsdn\u00bb overlay_alpha=\u00bb50&#8243; gutter_size=\u00bb3&#8243; column_width_percent=\u00bb100&#8243; shift_y=\u00bb0&#8243; z_index=\u00bb1&#8243; uncode_shortcode_id=\u00bb935803&#8243; back_color_type=\u00bbuncode-palette\u00bb row_name=\u00bbdatos\u00bb][vc_column column_width_use_pixel=\u00bbyes\u00bb gutter_size=\u00bb2&#8243; overlay_alpha=\u00bb50&#8243; shift_x=\u00bb0&#8243; shift_y=\u00bb0&#8243; shift_y_down=\u00bb0&#8243; z_index=\u00bb0&#8243; medium_width=\u00bb0&#8243; mobile_width=\u00bb0&#8243; css_animation=\u00bbright-t-left\u00bb animation_speed=\u00bb1000&#8243; width=\u00bb1\/1&#8243; uncode_shortcode_id=\u00bb108044&#8243;][vc_row_inner][vc_column_inner column_width_percent=\u00bb100&#8243; gutter_size=\u00bb3&#8243; override_padding=\u00bbyes\u00bb column_padding=\u00bb3&#8243; font_family=\u00bbfont-159086&#8243; overlay_alpha=\u00bb50&#8243; shift_x=\u00bb0&#8243; shift_y=\u00bb0&#8243; shift_y_down=\u00bb0&#8243; z_index=\u00bb0&#8243; medium_width=\u00bb0&#8243; mobile_width=\u00bb0&#8243; width=\u00bb1\/2&#8243; uncode_shortcode_id=\u00bb746774&#8243;][vc_custom_heading heading_semantic=\u00bbh4&#8243; text_font=\u00bbfont-159086&#8243; text_size=\u00bbh4&#8243; text_weight=\u00bb300&#8243; uncode_shortcode_id=\u00bb113277&#8243;]Credits[\/vc_custom_heading][vc_column_text uncode_shortcode_id=\u00bb190823&#8243;]Published by<br \/>\nLuis Vallejo Landscape Studio<\/p>\n<p>Texts<br \/>\nLuis Vallejo, Felipe Gonz\u00e1lez, Jos\u00e9 Mar\u00eda Parre\u00f1o<\/p>\n<p>Drawings<br \/>\nLuis Vallejo<\/p>\n<p>Photographs<br \/>\nCarmen Ballv\u00e9, Fernando Maquieira<\/p>\n<p>English edition<br \/>\nErica Witschey<\/p>\n<p>Translation of texts<br \/>\nJenny Dodman<\/p>\n<p>Art direction, design and layout<br \/>\nSonia S\u00e1nchez<\/p>\n<p>Prepress<br \/>\nLucam<\/p>\n<p>Printing and binding<br \/>\nBrizzolis, arte en gr\u00e1ficas[\/vc_column_text][\/vc_column_inner][vc_column_inner column_width_percent=\u00bb100&#8243; position_vertical=\u00bbmiddle\u00bb gutter_size=\u00bb3&#8243; overlay_alpha=\u00bb50&#8243; shift_x=\u00bb0&#8243; shift_y=\u00bb0&#8243; shift_y_down=\u00bb0&#8243; z_index=\u00bb0&#8243; medium_width=\u00bb0&#8243; mobile_width=\u00bb0&#8243; width=\u00bb1\/2&#8243; uncode_shortcode_id=\u00bb103417&#8243;][vc_gallery el_id=\u00bbgallery-158644&#8243; type=\u00bbcarousel\u00bb medias=\u00bb118122,118125,118119,118027,118115,118114,118028,118031,118030,118023,118026,118025,118024,118116,118032&#8243; carousel_lg=\u00bb1&#8243; carousel_md=\u00bb1&#8243; carousel_sm=\u00bb1&#8243; gutter_size=\u00bb3&#8243; carousel_type=\u00bbfade\u00bb carousel_interval=\u00bb3000&#8243; carousel_navspeed=\u00bb1000&#8243; carousel_loop=\u00bbyes\u00bb stage_padding=\u00bb0&#8243; single_overlay_opacity=\u00bb50&#8243; single_padding=\u00bb2&#8243; lbox_skin=\u00bbwhite\u00bb lbox_transparency=\u00bbopaque\u00bb lbox_transition=\u00bblg-fade\u00bb uncode_shortcode_id=\u00bb145615&#8243;][vc_single_image media=\u00bb118187&#8243; media_width_percent=\u00bb100&#8243; uncode_shortcode_id=\u00bb157161&#8243;][\/vc_column_inner][\/vc_row_inner][\/vc_column][\/vc_row][vc_row row_height_percent=\u00bb0&#8243; override_padding=\u00bbyes\u00bb h_padding=\u00bb2&#8243; top_padding=\u00bb4&#8243; bottom_padding=\u00bb4&#8243; back_color=\u00bbcolor-lxmt\u00bb overlay_alpha=\u00bb50&#8243; gutter_size=\u00bb3&#8243; column_width_percent=\u00bb100&#8243; shift_y=\u00bb0&#8243; z_index=\u00bb1&#8243; uncode_shortcode_id=\u00bb266425&#8243; back_color_type=\u00bbuncode-palette\u00bb row_name=\u00bbdatos\u00bb][vc_column column_width_use_pixel=\u00bbyes\u00bb gutter_size=\u00bb2&#8243; overlay_alpha=\u00bb50&#8243; shift_x=\u00bb0&#8243; shift_y=\u00bb0&#8243; shift_y_down=\u00bb0&#8243; z_index=\u00bb0&#8243; medium_width=\u00bb0&#8243; mobile_width=\u00bb0&#8243; css_animation=\u00bbright-t-left\u00bb animation_speed=\u00bb1000&#8243; width=\u00bb1\/1&#8243; uncode_shortcode_id=\u00bb108044&#8243;][vc_row_inner][vc_column_inner column_width_percent=\u00bb100&#8243; position_vertical=\u00bbmiddle\u00bb gutter_size=\u00bb3&#8243; override_padding=\u00bbyes\u00bb column_padding=\u00bb3&#8243; font_family=\u00bbfont-159086&#8243; overlay_alpha=\u00bb50&#8243; shift_x=\u00bb0&#8243; shift_y=\u00bb0&#8243; shift_y_down=\u00bb0&#8243; z_index=\u00bb0&#8243; medium_width=\u00bb0&#8243; mobile_width=\u00bb0&#8243; width=\u00bb1\/2&#8243; uncode_shortcode_id=\u00bb916426&#8243;][vc_custom_heading heading_semantic=\u00bbh4&#8243; text_font=\u00bbfont-159086&#8243; text_size=\u00bbh4&#8243; text_weight=\u00bb300&#8243; uncode_shortcode_id=\u00bb273240&#8243;]Technical Specifications[\/vc_custom_heading][vc_column_text uncode_shortcode_id=\u00bb342387&#8243;]Format<br \/>\n230 \u00d7 270 mm (width \u00d7 height)<\/p>\n<p>Binding<br \/>\nPaper-covered boards; embossing on front cover and spine<\/p>\n<p>Pages<br \/>\n256 pages and 3 booklets of drawings, 16 pages each (two booklets in 210 \u00d7 140 mm and one in 190 \u00d7 250 mm format); loose leaf (170 \u00d7 230 mm format) glued to page 35 of the book<\/p>\n<p>Photographs<br \/>\n20 three-tone photographs (Carmen Ballv\u00e9)<br \/>\n90 colour photographs (Fernando Maquieira)<\/p>\n<p>Drawings (Luis Vallejo)<br \/>\n24 drawings<\/p>\n<p>Insert (text by Jos\u00e9 Mar\u00eda Parre\u00f1o)<br \/>\n16-page booklet of text, saddle stitched with 2 staples and inset<\/p>\n<p>Case<br \/>\nCase made of recycled board open at both sides; hot foil stamp<\/p>\n<p>Box<br \/>\nJapanese paper-covered hand made box; hot foil stamping on front cover<br \/>\nDimensions: 42.9 \u00d7 33 \u00d7 6 cm (length \u00d7 width \u00d7 height)<br \/>\nCover material: Takeo Satogami Light Gray 116 g<\/p>\n<p>[\/vc_column_text][\/vc_column_inner][vc_column_inner column_width_percent=\u00bb100&#8243; gutter_size=\u00bb3&#8243; override_padding=\u00bbyes\u00bb column_padding=\u00bb3&#8243; overlay_alpha=\u00bb50&#8243; shift_x=\u00bb0&#8243; shift_y=\u00bb0&#8243; shift_y_down=\u00bb0&#8243; z_index=\u00bb0&#8243; medium_width=\u00bb0&#8243; mobile_width=\u00bb0&#8243; width=\u00bb1\/2&#8243; uncode_shortcode_id=\u00bb162955&#8243;][vc_custom_heading heading_semantic=\u00bbh4&#8243; text_font=\u00bbfont-159086&#8243; text_size=\u00bbh4&#8243; text_weight=\u00bb300&#8243; uncode_shortcode_id=\u00bb214219&#8243;]Font[\/vc_custom_heading][vc_column_text uncode_shortcode_id=\u00bb188207&#8243;]The texts in this volume have been set in Garamond, a font family based on the serif typefaces created in the 16th century by the French printer and typographer Claude Garamond. It is this typographic language which, in its combination of classicism and contemporaneity, best corresponds to the beauty of simplicity that is the poetic foundation of this book.[\/vc_column_text][vc_custom_heading heading_semantic=\u00bbh4&#8243; text_font=\u00bbfont-159086&#8243; text_size=\u00bbh4&#8243; text_weight=\u00bb300&#8243; uncode_shortcode_id=\u00bb150880&#8243;]Paper[\/vc_custom_heading][vc_column_text uncode_shortcode_id=\u00bb493234&#8243;]The Wind among the Leaves is printed and bound on five kinds of paper. The inner part of the book, on which the photographs are reproduced, owes its soft feel to the Italian 135-gram GardaPat 13 Kiara paper.<br \/>\nThe other four papers, of a refined nature in colour and finish, were developed and produced by the Japanese company Takeo: 105-gram Miyaginu Gray, with embossing inspired by a kimono fabric from the Heian period (794\u20131185) \u2013 the last of the classical Japanese periods \u2013 for the cover lining; 105-gram Biotope Moss Green for the endpapers and the cover of the notebook with Jos\u00e9 Mar\u00eda Parre\u00f1o\u2019s text; 52-gram Biotope Cotton White for the inside of the same notebook, the sheet on which Felipe Gonz\u00e1lez\u2019s presentation appears, and Luis Vallejo\u2019s sketchbooks; and, finally, a sheet of 52-gram Biotope Black encloses one of these sets of sketches, the one corresponding to the 2017 exhibition in France.[\/vc_column_text][\/vc_column_inner][\/vc_row_inner][vc_row_inner][vc_column_inner width=\u00bb1\/1&#8243;][vc_column_text uncode_shortcode_id=\u00bb277644&#8243;]<\/p>\n<p style=\"text-align: center;\"><em>Special edition<\/em><br \/>\n<em>Numbered and limited to one hundred and fifty copies,<\/em><br \/>\n<em>seventy in Spanish and eighty in English.<\/em><\/p>\n<p>[\/vc_column_text][\/vc_column_inner][\/vc_row_inner][\/vc_column][\/vc_row]<\/p>\n<\/div>","protected":false},"excerpt":{"rendered":"<p>[vc_row row_height_percent=\u00bb0&#8243; override_padding=\u00bbyes\u00bb h_padding=\u00bb2&#8243; top_padding=\u00bb4&#8243; bottom_padding=\u00bb4&#8243; back_color=\u00bbcolor-xsdn\u00bb overlay_alpha=\u00bb50&#8243; gutter_size=\u00bb3&#8243; column_width_percent=\u00bb100&#8243; shift_y=\u00bb0&#8243; z_index=\u00bb1&#8243; uncode_shortcode_id=\u00bb935803&#8243; back_color_type=\u00bbuncode-palette\u00bb row_name=\u00bbdatos\u00bb][vc_column column_width_use_pixel=\u00bbyes\u00bb gutter_size=\u00bb2&#8243; overlay_alpha=\u00bb50&#8243; shift_x=\u00bb0&#8243; shift_y=\u00bb0&#8243; [&hellip;]<\/p>\n","protected":false},"author":1,"featured_media":0,"parent":0,"menu_order":0,"comment_status":"closed","ping_status":"closed","template":"","meta":{"footnotes":""},"class_list":["post-117891","page","type-page","status-publish","hentry"],"yoast_head":"<!-- This site is optimized with the Yoast SEO plugin v27.2 - https:\/\/yoast.com\/product\/yoast-seo-wordpress\/ -->\n<title>Book features - The Wind among the Leaves<\/title>\n<meta name=\"robots\" content=\"index, follow, max-snippet:-1, max-image-preview:large, max-video-preview:-1\" \/>\n<link rel=\"canonical\" href=\"https:\/\/alospinoselviento.com\/en\/caracteristicas\/\" \/>\n<meta property=\"og:locale\" content=\"es_ES\" \/>\n<meta property=\"og:type\" content=\"article\" \/>\n<meta property=\"og:title\" content=\"Book features - The Wind among the Leaves\" \/>\n<meta property=\"og:description\" content=\"[vc_row row_height_percent=\u00bb0&#8243; override_padding=\u00bbyes\u00bb h_padding=\u00bb2&#8243; top_padding=\u00bb4&#8243; bottom_padding=\u00bb4&#8243; back_color=\u00bbcolor-xsdn\u00bb overlay_alpha=\u00bb50&#8243; gutter_size=\u00bb3&#8243; column_width_percent=\u00bb100&#8243; shift_y=\u00bb0&#8243; z_index=\u00bb1&#8243; uncode_shortcode_id=\u00bb935803&#8243; back_color_type=\u00bbuncode-palette\u00bb row_name=\u00bbdatos\u00bb][vc_column column_width_use_pixel=\u00bbyes\u00bb gutter_size=\u00bb2&#8243; overlay_alpha=\u00bb50&#8243; shift_x=\u00bb0&#8243; shift_y=\u00bb0&#8243; [&hellip;]\" \/>\n<meta property=\"og:url\" content=\"https:\/\/alospinoselviento.com\/en\/caracteristicas\/\" \/>\n<meta property=\"og:site_name\" content=\"The Wind among the Leaves\" \/>\n<meta property=\"article:modified_time\" content=\"2023-03-01T17:18:11+00:00\" \/>\n<meta name=\"twitter:card\" content=\"summary_large_image\" \/>\n<meta name=\"twitter:label1\" content=\"Tiempo de lectura\" \/>\n\t<meta name=\"twitter:data1\" content=\"3 minutos\" \/>\n<script type=\"application\/ld+json\" class=\"yoast-schema-graph\">{\"@context\":\"https:\/\/schema.org\",\"@graph\":[{\"@type\":\"WebPage\",\"@id\":\"https:\/\/alospinoselviento.com\/en\/caracteristicas\/\",\"url\":\"https:\/\/alospinoselviento.com\/en\/caracteristicas\/\",\"name\":\"Book features - The Wind among the Leaves\",\"isPartOf\":{\"@id\":\"https:\/\/alospinoselviento.com\/en\/#website\"},\"datePublished\":\"2023-02-16T16:46:05+00:00\",\"dateModified\":\"2023-03-01T17:18:11+00:00\",\"breadcrumb\":{\"@id\":\"https:\/\/alospinoselviento.com\/en\/caracteristicas\/#breadcrumb\"},\"inLanguage\":\"es\",\"potentialAction\":[{\"@type\":\"ReadAction\",\"target\":[\"https:\/\/alospinoselviento.com\/en\/caracteristicas\/\"]}]},{\"@type\":\"BreadcrumbList\",\"@id\":\"https:\/\/alospinoselviento.com\/en\/caracteristicas\/#breadcrumb\",\"itemListElement\":[{\"@type\":\"ListItem\",\"position\":1,\"name\":\"Portada\",\"item\":\"https:\/\/alospinoselviento.com\/en\/\"},{\"@type\":\"ListItem\",\"position\":2,\"name\":\"Book features\"}]},{\"@type\":\"WebSite\",\"@id\":\"https:\/\/alospinoselviento.com\/en\/#website\",\"url\":\"https:\/\/alospinoselviento.com\/en\/\",\"name\":\"The Wind among the Leaves\",\"description\":\"Luis Vallejo\",\"potentialAction\":[{\"@type\":\"SearchAction\",\"target\":{\"@type\":\"EntryPoint\",\"urlTemplate\":\"https:\/\/alospinoselviento.com\/en\/?s={search_term_string}\"},\"query-input\":{\"@type\":\"PropertyValueSpecification\",\"valueRequired\":true,\"valueName\":\"search_term_string\"}}],\"inLanguage\":\"es\"}]}<\/script>\n<!-- \/ Yoast SEO plugin. -->","yoast_head_json":{"title":"Book features - The Wind among the Leaves","robots":{"index":"index","follow":"follow","max-snippet":"max-snippet:-1","max-image-preview":"max-image-preview:large","max-video-preview":"max-video-preview:-1"},"canonical":"https:\/\/alospinoselviento.com\/en\/caracteristicas\/","og_locale":"es_ES","og_type":"article","og_title":"Book features - The Wind among the Leaves","og_description":"[vc_row row_height_percent=\u00bb0&#8243; override_padding=\u00bbyes\u00bb h_padding=\u00bb2&#8243; top_padding=\u00bb4&#8243; bottom_padding=\u00bb4&#8243; back_color=\u00bbcolor-xsdn\u00bb overlay_alpha=\u00bb50&#8243; gutter_size=\u00bb3&#8243; column_width_percent=\u00bb100&#8243; shift_y=\u00bb0&#8243; z_index=\u00bb1&#8243; uncode_shortcode_id=\u00bb935803&#8243; back_color_type=\u00bbuncode-palette\u00bb row_name=\u00bbdatos\u00bb][vc_column column_width_use_pixel=\u00bbyes\u00bb gutter_size=\u00bb2&#8243; overlay_alpha=\u00bb50&#8243; shift_x=\u00bb0&#8243; shift_y=\u00bb0&#8243; [&hellip;]","og_url":"https:\/\/alospinoselviento.com\/en\/caracteristicas\/","og_site_name":"The Wind among the Leaves","article_modified_time":"2023-03-01T17:18:11+00:00","twitter_card":"summary_large_image","twitter_misc":{"Tiempo de lectura":"3 minutos"},"schema":{"@context":"https:\/\/schema.org","@graph":[{"@type":"WebPage","@id":"https:\/\/alospinoselviento.com\/en\/caracteristicas\/","url":"https:\/\/alospinoselviento.com\/en\/caracteristicas\/","name":"Book features - The Wind among the Leaves","isPartOf":{"@id":"https:\/\/alospinoselviento.com\/en\/#website"},"datePublished":"2023-02-16T16:46:05+00:00","dateModified":"2023-03-01T17:18:11+00:00","breadcrumb":{"@id":"https:\/\/alospinoselviento.com\/en\/caracteristicas\/#breadcrumb"},"inLanguage":"es","potentialAction":[{"@type":"ReadAction","target":["https:\/\/alospinoselviento.com\/en\/caracteristicas\/"]}]},{"@type":"BreadcrumbList","@id":"https:\/\/alospinoselviento.com\/en\/caracteristicas\/#breadcrumb","itemListElement":[{"@type":"ListItem","position":1,"name":"Portada","item":"https:\/\/alospinoselviento.com\/en\/"},{"@type":"ListItem","position":2,"name":"Book features"}]},{"@type":"WebSite","@id":"https:\/\/alospinoselviento.com\/en\/#website","url":"https:\/\/alospinoselviento.com\/en\/","name":"The Wind among the Leaves","description":"Luis Vallejo","potentialAction":[{"@type":"SearchAction","target":{"@type":"EntryPoint","urlTemplate":"https:\/\/alospinoselviento.com\/en\/?s={search_term_string}"},"query-input":{"@type":"PropertyValueSpecification","valueRequired":true,"valueName":"search_term_string"}}],"inLanguage":"es"}]}},"_links":{"self":[{"href":"https:\/\/alospinoselviento.com\/en\/wp-json\/wp\/v2\/pages\/117891","targetHints":{"allow":["GET"]}}],"collection":[{"href":"https:\/\/alospinoselviento.com\/en\/wp-json\/wp\/v2\/pages"}],"about":[{"href":"https:\/\/alospinoselviento.com\/en\/wp-json\/wp\/v2\/types\/page"}],"author":[{"embeddable":true,"href":"https:\/\/alospinoselviento.com\/en\/wp-json\/wp\/v2\/users\/1"}],"replies":[{"embeddable":true,"href":"https:\/\/alospinoselviento.com\/en\/wp-json\/wp\/v2\/comments?post=117891"}],"version-history":[{"count":22,"href":"https:\/\/alospinoselviento.com\/en\/wp-json\/wp\/v2\/pages\/117891\/revisions"}],"predecessor-version":[{"id":118208,"href":"https:\/\/alospinoselviento.com\/en\/wp-json\/wp\/v2\/pages\/117891\/revisions\/118208"}],"wp:attachment":[{"href":"https:\/\/alospinoselviento.com\/en\/wp-json\/wp\/v2\/media?parent=117891"}],"curies":[{"name":"wp","href":"https:\/\/api.w.org\/{rel}","templated":true}]}}