{"id":117859,"date":"2023-02-16T15:52:26","date_gmt":"2023-02-16T15:52:26","guid":{"rendered":"https:\/\/alospinoselviento.com\/?page_id=117859"},"modified":"2023-03-01T15:25:22","modified_gmt":"2023-03-01T15:25:22","slug":"colaboradores","status":"publish","type":"page","link":"https:\/\/alospinoselviento.com\/en\/colaboradores\/","title":{"rendered":"Contributors"},"content":{"rendered":"<div class=\"wpb-content-wrapper\"><p>[vc_row row_height_percent=\u00bb0&#8243; override_padding=\u00bbyes\u00bb h_padding=\u00bb2&#8243; top_padding=\u00bb4&#8243; bottom_padding=\u00bb4&#8243; overlay_alpha=\u00bb50&#8243; gutter_size=\u00bb3&#8243; column_width_percent=\u00bb100&#8243; shift_y=\u00bb0&#8243; z_index=\u00bb1&#8243; uncode_shortcode_id=\u00bb199338&#8243; row_name=\u00bbcolaboradores\u00bb][vc_column column_width_use_pixel=\u00bbyes\u00bb gutter_size=\u00bb2&#8243; overlay_alpha=\u00bb50&#8243; shift_x=\u00bb0&#8243; shift_y=\u00bb0&#8243; shift_y_down=\u00bb0&#8243; z_index=\u00bb0&#8243; medium_width=\u00bb0&#8243; mobile_width=\u00bb0&#8243; css_animation=\u00bbright-t-left\u00bb animation_speed=\u00bb1000&#8243; width=\u00bb1\/1&#8243; uncode_shortcode_id=\u00bb108044&#8243;][vc_row_inner][vc_column_inner column_width_percent=\u00bb100&#8243; gutter_size=\u00bb3&#8243; override_padding=\u00bbyes\u00bb column_padding=\u00bb3&#8243; font_family=\u00bbfont-159086&#8243; overlay_alpha=\u00bb50&#8243; shift_x=\u00bb0&#8243; shift_y=\u00bb0&#8243; shift_y_down=\u00bb0&#8243; z_index=\u00bb0&#8243; medium_width=\u00bb0&#8243; mobile_width=\u00bb0&#8243; width=\u00bb1\/2&#8243; uncode_shortcode_id=\u00bb149192&#8243;][vc_custom_heading heading_semantic=\u00bbh4&#8243; text_font=\u00bbfont-159086&#8243; text_size=\u00bbh4&#8243; text_weight=\u00bb300&#8243; uncode_shortcode_id=\u00bb580326&#8243;]Carmen Ballv\u00e9[\/vc_custom_heading][vc_column_text uncode_shortcode_id=\u00bb209687&#8243;]Photographer. Her work has appeared in major Spanish newspapers and magazines and been exhibited in and outside Spain. Notable among her projects is <em>Batey<\/em>, on Haitian sugar plantation workers, which was shown in London and Edinburgh. Her collaboration with the American nonprofit organisation The Denan Project has taken her to Ethiopia, Peru, and Mongolia. A project in Tanzania led to the publication of <em>Acaba cuando llego<\/em>, which was awarded first prize for the best art book in 2016 by the Spanish Ministry of Culture. <em>La mirada cercana<\/em> was recently on display at the Museo San Telmo in San Sebasti\u00e1n.[\/vc_column_text][\/vc_column_inner][vc_column_inner column_width_percent=\u00bb100&#8243; gutter_size=\u00bb3&#8243; override_padding=\u00bbyes\u00bb column_padding=\u00bb3&#8243; font_family=\u00bbfont-159086&#8243; overlay_alpha=\u00bb50&#8243; shift_x=\u00bb0&#8243; shift_y=\u00bb0&#8243; shift_y_down=\u00bb0&#8243; z_index=\u00bb0&#8243; medium_width=\u00bb0&#8243; mobile_width=\u00bb0&#8243; width=\u00bb1\/2&#8243; uncode_shortcode_id=\u00bb997813&#8243;][vc_custom_heading heading_semantic=\u00bbh4&#8243; text_font=\u00bbfont-159086&#8243; text_size=\u00bbh4&#8243; text_weight=\u00bb300&#8243; uncode_shortcode_id=\u00bb161030&#8243;]Fernando Maquieira[\/vc_custom_heading][vc_column_text uncode_shortcode_id=\u00bb660916&#8243;]Photographer. He has published artistic books such as <em>Nocturna, Veinte d\u00edas M\u00e9xico,<\/em> and <em>Alucinosis,<\/em> and his photographs have appeared in newspapers and magazines such as<em> El Pa\u00eds and XLSemanal,<\/em> among others. Various institutions and photography festivals have hosted exhibitions of his work; for instance, the series <em>Gu\u00eda nocturna de museos<\/em> was presented in 2017\u221218 at Tabacalera, Madrid, as part of the PHotoEspa\u00f1a festival, and at the Alhambra in Granada. His photos have also been shown in Belgium, Italy, South Africa, Lithuania, and South Korea. He is often commissioned by national and international cultural institutions and museums to photograph artworks and architecture.[\/vc_column_text][\/vc_column_inner][\/vc_row_inner][vc_row_inner][vc_column_inner column_width_percent=\u00bb100&#8243; gutter_size=\u00bb3&#8243; override_padding=\u00bbyes\u00bb column_padding=\u00bb3&#8243; font_family=\u00bbfont-159086&#8243; overlay_alpha=\u00bb50&#8243; shift_x=\u00bb0&#8243; shift_y=\u00bb0&#8243; shift_y_down=\u00bb0&#8243; z_index=\u00bb0&#8243; medium_width=\u00bb0&#8243; mobile_width=\u00bb0&#8243; width=\u00bb1\/2&#8243; uncode_shortcode_id=\u00bb746774&#8243;][vc_custom_heading heading_semantic=\u00bbh4&#8243; text_font=\u00bbfont-159086&#8243; text_size=\u00bbh4&#8243; text_weight=\u00bb300&#8243; uncode_shortcode_id=\u00bb105875&#8243;]Jos\u00e9 Mar\u00eda Parre\u00f1o[\/vc_custom_heading][vc_column_text uncode_shortcode_id=\u00bb157478&#8243;]Poet and essayist with a PhD in art history. He was coordinator of the literature department at the C\u00edrculo de Bellas Artes in Madrid and director of the Museo de Arte Contempor\u00e1neo Esteban Vicente in Segovia. He has been a lecturer at several Spanish and American universities and currently teaches at the Fine Arts Faculty in Madrid. Cultivating various genres, he has published a dozen books, including <em>Viajes de un antip\u00e1tico<\/em> (1999), <em>Poemas de amor y no<\/em> (2005), <em>Un arte descontento<\/em> (2006), and <em>Pornograf\u00eda para insectos<\/em> (2014), and contributes to various media as an art critic.[\/vc_column_text][\/vc_column_inner][vc_column_inner column_width_percent=\u00bb100&#8243; gutter_size=\u00bb3&#8243; override_padding=\u00bbyes\u00bb column_padding=\u00bb3&#8243; overlay_alpha=\u00bb50&#8243; shift_x=\u00bb0&#8243; shift_y=\u00bb0&#8243; shift_y_down=\u00bb0&#8243; z_index=\u00bb0&#8243; medium_width=\u00bb0&#8243; mobile_width=\u00bb0&#8243; width=\u00bb1\/2&#8243; uncode_shortcode_id=\u00bb162955&#8243;][vc_custom_heading heading_semantic=\u00bbh4&#8243; text_font=\u00bbfont-159086&#8243; text_size=\u00bbh4&#8243; text_weight=\u00bb300&#8243; uncode_shortcode_id=\u00bb209940&#8243;]Sonia S\u00e1nchez[\/vc_custom_heading][vc_column_text uncode_shortcode_id=\u00bb162972&#8243;]Graphic designer, art director of the project. She has pursued a career in editorial design, visual identity, and exhibition design in close collaboration with artists, architects, curators, publishers, and leading cultural and publishing institutions (MoMA, Museo Nacional del Prado, Museo Nacional Thyssen-Bornemisza, Phaidon, Rizzoli New York). Her work has been published in prestigious design magazines and has won international awards.[\/vc_column_text][\/vc_column_inner][\/vc_row_inner][\/vc_column][\/vc_row][vc_row row_height_percent=\u00bb0&#8243; override_padding=\u00bbyes\u00bb h_padding=\u00bb2&#8243; top_padding=\u00bb4&#8243; bottom_padding=\u00bb4&#8243; back_color=\u00bbcolor-lxmt\u00bb overlay_alpha=\u00bb50&#8243; gutter_size=\u00bb3&#8243; column_width_percent=\u00bb100&#8243; shift_y=\u00bb0&#8243; z_index=\u00bb1&#8243; uncode_shortcode_id=\u00bb129021&#8243; back_color_type=\u00bbuncode-palette\u00bb row_name=\u00bbcolaboradores\u00bb][vc_column column_width_use_pixel=\u00bbyes\u00bb gutter_size=\u00bb2&#8243; overlay_alpha=\u00bb50&#8243; shift_x=\u00bb0&#8243; shift_y=\u00bb0&#8243; shift_y_down=\u00bb0&#8243; z_index=\u00bb0&#8243; medium_width=\u00bb0&#8243; mobile_width=\u00bb0&#8243; css_animation=\u00bbright-t-left\u00bb animation_speed=\u00bb1000&#8243; width=\u00bb1\/1&#8243; uncode_shortcode_id=\u00bb108044&#8243;][vc_row_inner][vc_column_inner column_width_percent=\u00bb100&#8243; gutter_size=\u00bb3&#8243; override_padding=\u00bbyes\u00bb column_padding=\u00bb3&#8243; font_family=\u00bbfont-159086&#8243; overlay_alpha=\u00bb50&#8243; shift_x=\u00bb0&#8243; shift_y=\u00bb0&#8243; shift_y_down=\u00bb0&#8243; z_index=\u00bb0&#8243; medium_width=\u00bb0&#8243; mobile_width=\u00bb0&#8243; width=\u00bb1\/2&#8243; uncode_shortcode_id=\u00bb611791&#8243;][vc_custom_heading heading_semantic=\u00bbh4&#8243; text_font=\u00bbfont-159086&#8243; text_size=\u00bbh4&#8243; text_weight=\u00bb300&#8243; uncode_shortcode_id=\u00bb933988&#8243;]Antonia Casta\u00f1o[\/vc_custom_heading][vc_column_text uncode_shortcode_id=\u00bb105717&#8243;]Editor of the Spanish texts[\/vc_column_text][vc_custom_heading heading_semantic=\u00bbh4&#8243; text_font=\u00bbfont-159086&#8243; text_size=\u00bbh4&#8243; text_weight=\u00bb300&#8243; uncode_shortcode_id=\u00bb199784&#8243;]Jenny Dodman, Erica Witschey[\/vc_custom_heading][vc_column_text uncode_shortcode_id=\u00bb244292&#8243;]Translator and editor of the English texts[\/vc_column_text][vc_custom_heading heading_semantic=\u00bbh4&#8243; text_font=\u00bbfont-159086&#8243; text_size=\u00bbh4&#8243; text_weight=\u00bb300&#8243; uncode_shortcode_id=\u00bb149933&#8243;]Lucam[\/vc_custom_heading][vc_column_text uncode_shortcode_id=\u00bb113752&#8243;]Prepress[\/vc_column_text][vc_custom_heading heading_semantic=\u00bbh4&#8243; text_font=\u00bbfont-159086&#8243; text_size=\u00bbh4&#8243; text_weight=\u00bb300&#8243; uncode_shortcode_id=\u00bb201732&#8243;]Brizzolis[\/vc_custom_heading][vc_column_text uncode_shortcode_id=\u00bb779974&#8243;]Printing and binding[\/vc_column_text][\/vc_column_inner][vc_column_inner column_width_percent=\u00bb100&#8243; gutter_size=\u00bb3&#8243; override_padding=\u00bbyes\u00bb column_padding=\u00bb3&#8243; overlay_alpha=\u00bb50&#8243; shift_x=\u00bb0&#8243; shift_y=\u00bb0&#8243; shift_y_down=\u00bb0&#8243; z_index=\u00bb0&#8243; medium_width=\u00bb0&#8243; mobile_width=\u00bb0&#8243; width=\u00bb1\/2&#8243; uncode_shortcode_id=\u00bb435588&#8243;][\/vc_column_inner][\/vc_row_inner][\/vc_column][\/vc_row]<\/p>\n<\/div>","protected":false},"excerpt":{"rendered":"<p>[vc_row row_height_percent=\u00bb0&#8243; override_padding=\u00bbyes\u00bb h_padding=\u00bb2&#8243; top_padding=\u00bb4&#8243; bottom_padding=\u00bb4&#8243; overlay_alpha=\u00bb50&#8243; gutter_size=\u00bb3&#8243; column_width_percent=\u00bb100&#8243; shift_y=\u00bb0&#8243; z_index=\u00bb1&#8243; uncode_shortcode_id=\u00bb199338&#8243; row_name=\u00bbcolaboradores\u00bb][vc_column column_width_use_pixel=\u00bbyes\u00bb gutter_size=\u00bb2&#8243; overlay_alpha=\u00bb50&#8243; shift_x=\u00bb0&#8243; shift_y=\u00bb0&#8243; shift_y_down=\u00bb0&#8243; z_index=\u00bb0&#8243; [&hellip;]<\/p>\n","protected":false},"author":1,"featured_media":0,"parent":0,"menu_order":0,"comment_status":"closed","ping_status":"closed","template":"","meta":{"footnotes":""},"class_list":["post-117859","page","type-page","status-publish","hentry"],"yoast_head":"<!-- This site is optimized with the Yoast SEO plugin v27.2 - https:\/\/yoast.com\/product\/yoast-seo-wordpress\/ -->\n<title>Contributors - The Wind among the Leaves<\/title>\n<meta name=\"robots\" content=\"index, follow, max-snippet:-1, max-image-preview:large, max-video-preview:-1\" \/>\n<link rel=\"canonical\" href=\"https:\/\/alospinoselviento.com\/en\/colaboradores\/\" \/>\n<meta property=\"og:locale\" content=\"es_ES\" \/>\n<meta property=\"og:type\" content=\"article\" \/>\n<meta property=\"og:title\" content=\"Contributors - The Wind among the Leaves\" \/>\n<meta property=\"og:description\" content=\"[vc_row row_height_percent=\u00bb0&#8243; override_padding=\u00bbyes\u00bb h_padding=\u00bb2&#8243; top_padding=\u00bb4&#8243; bottom_padding=\u00bb4&#8243; overlay_alpha=\u00bb50&#8243; gutter_size=\u00bb3&#8243; column_width_percent=\u00bb100&#8243; shift_y=\u00bb0&#8243; z_index=\u00bb1&#8243; uncode_shortcode_id=\u00bb199338&#8243; row_name=\u00bbcolaboradores\u00bb][vc_column column_width_use_pixel=\u00bbyes\u00bb gutter_size=\u00bb2&#8243; overlay_alpha=\u00bb50&#8243; shift_x=\u00bb0&#8243; shift_y=\u00bb0&#8243; shift_y_down=\u00bb0&#8243; z_index=\u00bb0&#8243; [&hellip;]\" \/>\n<meta property=\"og:url\" content=\"https:\/\/alospinoselviento.com\/en\/colaboradores\/\" \/>\n<meta property=\"og:site_name\" content=\"The Wind among the Leaves\" \/>\n<meta property=\"article:modified_time\" content=\"2023-03-01T15:25:22+00:00\" \/>\n<meta name=\"twitter:card\" content=\"summary_large_image\" \/>\n<meta name=\"twitter:label1\" content=\"Tiempo de lectura\" \/>\n\t<meta name=\"twitter:data1\" content=\"3 minutos\" \/>\n<script type=\"application\/ld+json\" class=\"yoast-schema-graph\">{\"@context\":\"https:\/\/schema.org\",\"@graph\":[{\"@type\":\"WebPage\",\"@id\":\"https:\/\/alospinoselviento.com\/en\/colaboradores\/\",\"url\":\"https:\/\/alospinoselviento.com\/en\/colaboradores\/\",\"name\":\"Contributors - The Wind among the Leaves\",\"isPartOf\":{\"@id\":\"https:\/\/alospinoselviento.com\/en\/#website\"},\"datePublished\":\"2023-02-16T15:52:26+00:00\",\"dateModified\":\"2023-03-01T15:25:22+00:00\",\"breadcrumb\":{\"@id\":\"https:\/\/alospinoselviento.com\/en\/colaboradores\/#breadcrumb\"},\"inLanguage\":\"es\",\"potentialAction\":[{\"@type\":\"ReadAction\",\"target\":[\"https:\/\/alospinoselviento.com\/en\/colaboradores\/\"]}]},{\"@type\":\"BreadcrumbList\",\"@id\":\"https:\/\/alospinoselviento.com\/en\/colaboradores\/#breadcrumb\",\"itemListElement\":[{\"@type\":\"ListItem\",\"position\":1,\"name\":\"Portada\",\"item\":\"https:\/\/alospinoselviento.com\/en\/\"},{\"@type\":\"ListItem\",\"position\":2,\"name\":\"Contributors\"}]},{\"@type\":\"WebSite\",\"@id\":\"https:\/\/alospinoselviento.com\/en\/#website\",\"url\":\"https:\/\/alospinoselviento.com\/en\/\",\"name\":\"The Wind among the Leaves\",\"description\":\"Luis Vallejo\",\"potentialAction\":[{\"@type\":\"SearchAction\",\"target\":{\"@type\":\"EntryPoint\",\"urlTemplate\":\"https:\/\/alospinoselviento.com\/en\/?s={search_term_string}\"},\"query-input\":{\"@type\":\"PropertyValueSpecification\",\"valueRequired\":true,\"valueName\":\"search_term_string\"}}],\"inLanguage\":\"es\"}]}<\/script>\n<!-- \/ Yoast SEO plugin. -->","yoast_head_json":{"title":"Contributors - The Wind among the Leaves","robots":{"index":"index","follow":"follow","max-snippet":"max-snippet:-1","max-image-preview":"max-image-preview:large","max-video-preview":"max-video-preview:-1"},"canonical":"https:\/\/alospinoselviento.com\/en\/colaboradores\/","og_locale":"es_ES","og_type":"article","og_title":"Contributors - The Wind among the Leaves","og_description":"[vc_row row_height_percent=\u00bb0&#8243; override_padding=\u00bbyes\u00bb h_padding=\u00bb2&#8243; top_padding=\u00bb4&#8243; bottom_padding=\u00bb4&#8243; overlay_alpha=\u00bb50&#8243; gutter_size=\u00bb3&#8243; column_width_percent=\u00bb100&#8243; shift_y=\u00bb0&#8243; z_index=\u00bb1&#8243; uncode_shortcode_id=\u00bb199338&#8243; row_name=\u00bbcolaboradores\u00bb][vc_column column_width_use_pixel=\u00bbyes\u00bb gutter_size=\u00bb2&#8243; overlay_alpha=\u00bb50&#8243; shift_x=\u00bb0&#8243; shift_y=\u00bb0&#8243; shift_y_down=\u00bb0&#8243; z_index=\u00bb0&#8243; [&hellip;]","og_url":"https:\/\/alospinoselviento.com\/en\/colaboradores\/","og_site_name":"The Wind among the Leaves","article_modified_time":"2023-03-01T15:25:22+00:00","twitter_card":"summary_large_image","twitter_misc":{"Tiempo de lectura":"3 minutos"},"schema":{"@context":"https:\/\/schema.org","@graph":[{"@type":"WebPage","@id":"https:\/\/alospinoselviento.com\/en\/colaboradores\/","url":"https:\/\/alospinoselviento.com\/en\/colaboradores\/","name":"Contributors - The Wind among the Leaves","isPartOf":{"@id":"https:\/\/alospinoselviento.com\/en\/#website"},"datePublished":"2023-02-16T15:52:26+00:00","dateModified":"2023-03-01T15:25:22+00:00","breadcrumb":{"@id":"https:\/\/alospinoselviento.com\/en\/colaboradores\/#breadcrumb"},"inLanguage":"es","potentialAction":[{"@type":"ReadAction","target":["https:\/\/alospinoselviento.com\/en\/colaboradores\/"]}]},{"@type":"BreadcrumbList","@id":"https:\/\/alospinoselviento.com\/en\/colaboradores\/#breadcrumb","itemListElement":[{"@type":"ListItem","position":1,"name":"Portada","item":"https:\/\/alospinoselviento.com\/en\/"},{"@type":"ListItem","position":2,"name":"Contributors"}]},{"@type":"WebSite","@id":"https:\/\/alospinoselviento.com\/en\/#website","url":"https:\/\/alospinoselviento.com\/en\/","name":"The Wind among the Leaves","description":"Luis Vallejo","potentialAction":[{"@type":"SearchAction","target":{"@type":"EntryPoint","urlTemplate":"https:\/\/alospinoselviento.com\/en\/?s={search_term_string}"},"query-input":{"@type":"PropertyValueSpecification","valueRequired":true,"valueName":"search_term_string"}}],"inLanguage":"es"}]}},"_links":{"self":[{"href":"https:\/\/alospinoselviento.com\/en\/wp-json\/wp\/v2\/pages\/117859","targetHints":{"allow":["GET"]}}],"collection":[{"href":"https:\/\/alospinoselviento.com\/en\/wp-json\/wp\/v2\/pages"}],"about":[{"href":"https:\/\/alospinoselviento.com\/en\/wp-json\/wp\/v2\/types\/page"}],"author":[{"embeddable":true,"href":"https:\/\/alospinoselviento.com\/en\/wp-json\/wp\/v2\/users\/1"}],"replies":[{"embeddable":true,"href":"https:\/\/alospinoselviento.com\/en\/wp-json\/wp\/v2\/comments?post=117859"}],"version-history":[{"count":9,"href":"https:\/\/alospinoselviento.com\/en\/wp-json\/wp\/v2\/pages\/117859\/revisions"}],"predecessor-version":[{"id":118158,"href":"https:\/\/alospinoselviento.com\/en\/wp-json\/wp\/v2\/pages\/117859\/revisions\/118158"}],"wp:attachment":[{"href":"https:\/\/alospinoselviento.com\/en\/wp-json\/wp\/v2\/media?parent=117859"}],"curies":[{"name":"wp","href":"https:\/\/api.w.org\/{rel}","templated":true}]}}